{"id":2524,"date":"2025-06-05T14:07:28","date_gmt":"2025-06-05T14:07:28","guid":{"rendered":"https:\/\/tajanaexperience.com\/?page_id=2524"},"modified":"2025-07-07T19:42:26","modified_gmt":"2025-07-07T19:42:26","slug":"blog","status":"publish","type":"page","link":"https:\/\/tajanaexperience.com\/en\/blog\/","title":{"rendered":"Blog"},"content":{"rendered":"<div data-elementor-type=\"wp-page\" data-elementor-id=\"2524\" class=\"elementor elementor-2524\">\n\t\t\t\t<div class=\"elementor-element elementor-element-6c30e499 e-flex e-con-boxed wpr-particle-no wpr-jarallax-no wpr-parallax-no wpr-sticky-section-no e-con e-parent\" data-id=\"6c30e499\" data-element_type=\"container\" data-settings=\"{&quot;background_background&quot;:&quot;classic&quot;}\">\n\t\t\t\t\t<div class=\"e-con-inner\">\n\t\t<div class=\"elementor-element elementor-element-3249eb48 e-flex e-con-boxed wpr-particle-no wpr-jarallax-no wpr-parallax-no wpr-sticky-section-no e-con e-child\" data-id=\"3249eb48\" data-element_type=\"container\" data-settings=\"{&quot;background_background&quot;:&quot;slideshow&quot;,&quot;background_slideshow_gallery&quot;:[],&quot;background_slideshow_loop&quot;:&quot;yes&quot;,&quot;background_slideshow_slide_duration&quot;:5000,&quot;background_slideshow_slide_transition&quot;:&quot;fade&quot;,&quot;background_slideshow_transition_duration&quot;:500}\">\n\t\t\t\t\t<div class=\"e-con-inner\">\n\t\t\t\t<div class=\"elementor-element elementor-element-4bd28f47 elementor-widget elementor-widget-heading\" data-id=\"4bd28f47\" data-element_type=\"widget\" data-widget_type=\"heading.default\">\n\t\t\t\t<div class=\"elementor-widget-container\">\n\t\t\t\t\t<h1 class=\"elementor-heading-title elementor-size-default\">tajana blog<\/h1>\t\t\t\t<\/div>\n\t\t\t\t<\/div>\n\t\t\t\t\t<\/div>\n\t\t\t\t<\/div>\n\t\t\t\t\t<\/div>\n\t\t\t\t<\/div>\n\t\t\t\t<section class=\"elementor-section elementor-top-section elementor-element elementor-element-41fcea2d elementor-section-boxed elementor-section-height-default elementor-section-height-default wpr-particle-no wpr-jarallax-no wpr-parallax-no wpr-sticky-section-no\" data-id=\"41fcea2d\" data-element_type=\"section\">\n\t\t\t\t\t\t\t<div class=\"elementor-background-overlay\"><\/div>\n\t\t\t\t\t\t\t<div class=\"elementor-container elementor-column-gap-default\">\n\t\t\t\t\t<div class=\"elementor-column elementor-col-100 elementor-top-column elementor-element elementor-element-11c2e5ec\" data-id=\"11c2e5ec\" data-element_type=\"column\">\n\t\t\t<div class=\"elementor-widget-wrap elementor-element-populated\">\n\t\t\t\t\t\t<div class=\"elementor-element elementor-element-4f53e2f8 wpr-grid-columns-3 wpr-grid-columns--tablet2 wpr-grid-columns--mobile1 wpr-grid-pagination-center wpr-item-styles-inner elementor-widget elementor-widget-wpr-grid\" data-id=\"4f53e2f8\" data-element_type=\"widget\" data-widget_type=\"wpr-grid.default\">\n\t\t\t\t<div class=\"elementor-widget-container\">\n\t\t\t\t\t<ul class=\"wpr-grid-filters elementor-clearfix wpr-grid-filters-sep-right\"><li class=\"wpr-pointer-none wpr-pointer-line-fx wpr-pointer-fx-none\"><span  data-filter=\"*\" class=\"wpr-grid-filters-item wpr-active-filter\">All Post<\/span><em class=\"wpr-grid-filters-sep\"><\/em><\/li><\/ul><section class=\"wpr-grid elementor-clearfix\" data-settings=\"{&quot;layout&quot;:&quot;fitRows&quot;,&quot;stick_last_element_to_bottom&quot;:&quot;&quot;,&quot;columns_desktop&quot;:3,&quot;gutter_hr&quot;:15,&quot;gutter_hr_mobile&quot;:15,&quot;gutter_hr_mobile_extra&quot;:15,&quot;gutter_hr_tablet&quot;:15,&quot;gutter_hr_tablet_extra&quot;:15,&quot;gutter_hr_laptop&quot;:15,&quot;gutter_hr_widescreen&quot;:15,&quot;gutter_vr&quot;:30,&quot;gutter_vr_mobile&quot;:30,&quot;gutter_vr_mobile_extra&quot;:30,&quot;gutter_vr_tablet&quot;:30,&quot;gutter_vr_tablet_extra&quot;:30,&quot;gutter_vr_laptop&quot;:30,&quot;gutter_vr_widescreen&quot;:30,&quot;animation&quot;:&quot;zoom&quot;,&quot;animation_duration&quot;:0.6,&quot;animation_delay&quot;:0.15,&quot;deeplinking&quot;:&quot;&quot;,&quot;filters_linkable&quot;:&quot;no&quot;,&quot;filters_default_filter&quot;:&quot;&quot;,&quot;filters_count&quot;:&quot;&quot;,&quot;filters_hide_empty&quot;:&quot;no&quot;,&quot;filters_animation&quot;:&quot;default&quot;,&quot;filters_animation_duration&quot;:0.3,&quot;filters_animation_delay&quot;:0.1,&quot;pagination_type&quot;:&quot;load-more&quot;,&quot;pagination_max_pages&quot;:2,&quot;lightbox&quot;:{&quot;selector&quot;:&quot;.wpr-grid-image-wrap&quot;,&quot;iframeMaxWidth&quot;:&quot;60%&quot;,&quot;hash&quot;:false,&quot;autoplay&quot;:&quot;true&quot;,&quot;pause&quot;:5000,&quot;progressBar&quot;:&quot;true&quot;,&quot;counter&quot;:&quot;true&quot;,&quot;controls&quot;:&quot;true&quot;,&quot;getCaptionFromTitleOrAlt&quot;:&quot;true&quot;,&quot;thumbnail&quot;:&quot;&quot;,&quot;showThumbByDefault&quot;:&quot;&quot;,&quot;share&quot;:&quot;&quot;,&quot;zoom&quot;:&quot;true&quot;,&quot;fullScreen&quot;:&quot;true&quot;,&quot;download&quot;:&quot;true&quot;}}\"><article class=\"wpr-grid-item elementor-clearfix post-2734 post type-post status-publish format-standard has-post-thumbnail hentry category-uncategorized\"><div class=\"wpr-grid-item-inner\"><div class=\"wpr-grid-media-wrap wpr-effect-size-medium\" data-overlay-link=\"yes\"><div class=\"wpr-grid-image-wrap\" data-src=\"https:\/\/tajanaexperience.com\/wp-content\/uploads\/elementor\/thumbs\/Angel-Sanz-Briz-rbu3hv9ujc8uoxogtx9mtxwl5txja8ov5fzp2ukxo0.webp\" data-img-on-hover=\"\"  data-src-secondary=\"\"><img decoding=\"async\" data-no-lazy=\"1\" src=\"https:\/\/tajanaexperience.com\/wp-content\/uploads\/elementor\/thumbs\/Angel-Sanz-Briz-rbu3hv9ujc8uoxogtx9mtxwl5txja8ov5fzp2ukxo0.webp\" alt=\"Angel Sanz Briz\" class=\"wpr-anim-timing-ease-default\"><\/div><div class=\"wpr-grid-media-hover wpr-animation-wrap\"><div class=\"wpr-grid-media-hover-bg  wpr-overlay-fade-in wpr-anim-size-large wpr-anim-timing-ease-default wpr-anim-transparency\" data-url=\"https:\/\/tajanaexperience.com\/en\/angel-sanz-briz-el-angel-de-budapest-diplomacia-coraje-y-memoriaun-legado-que-aun-inspira\/\"><\/div><\/div><\/div><div class=\"wpr-grid-item-below-content elementor-clearfix\"><h2 class=\"wpr-grid-item-title elementor-repeater-item-378ce77 wpr-grid-item-display-block wpr-grid-item-align-left wpr-pointer-none wpr-pointer-line-fx wpr-pointer-fx-fade\"><div class=\"inner-block\"><a target=\"_self\"  href=\"https:\/\/tajanaexperience.com\/en\/angel-sanz-briz-el-angel-de-budapest-diplomacia-coraje-y-memoriaun-legado-que-aun-inspira\/\">\u00c1ngel Sanz-Briz \u00abEl \u00c1ngel de Budapest\u00bb: Diplomacia, coraje y memoriaUn legado que a\u00fan inspira<\/a><\/div><\/h2><div class=\"wpr-grid-item-excerpt elementor-repeater-item-86eeaf7 wpr-grid-item-display-block wpr-grid-item-align-left\"><div class=\"inner-block\"><p>En tiempos de crisis, hay profesionales que trascienden su funci\u00f3n. Uno de ellos fue \u00c1ngel Sanz-Briz, diplom\u00e1tico espa\u00f1ol nacido en Zaragoza en 1910 y destinado en Budapest en 1944. Con...<\/p><\/div><\/div><div class=\"wpr-grid-item-read-more elementor-repeater-item-bc83f79 wpr-grid-item-display-block wpr-grid-item-align-left\"><div class=\"inner-block\"><a target=\"_self\" href=\"https:\/\/tajanaexperience.com\/en\/angel-sanz-briz-el-angel-de-budapest-diplomacia-coraje-y-memoriaun-legado-que-aun-inspira\/\" class=\"wpr-button-effect wpr-button-none\"><span>Leer m\u00e1s<\/span><\/a><\/div><\/div><\/div><\/div><\/article><article class=\"wpr-grid-item elementor-clearfix post-2597 post type-post status-publish format-standard has-post-thumbnail hentry category-uncategorized\"><div class=\"wpr-grid-item-inner\"><div class=\"wpr-grid-media-wrap wpr-effect-size-medium\" data-overlay-link=\"yes\"><div class=\"wpr-grid-image-wrap\" data-src=\"https:\/\/tajanaexperience.com\/wp-content\/uploads\/elementor\/thumbs\/DSC_0233-scaled-r8f35z7qyyfmlvyr0sryrzuo1ya32srxm8vl8o1isw.jpg\" data-img-on-hover=\"\"  data-src-secondary=\"\"><img decoding=\"async\" data-no-lazy=\"1\" src=\"https:\/\/tajanaexperience.com\/wp-content\/uploads\/elementor\/thumbs\/DSC_0233-scaled-r8f35z7qyyfmlvyr0sryrzuo1ya32srxm8vl8o1isw.jpg\" alt=\"DSC 0233 scaled\" class=\"wpr-anim-timing-ease-default\"><\/div><div class=\"wpr-grid-media-hover wpr-animation-wrap\"><div class=\"wpr-grid-media-hover-bg  wpr-overlay-fade-in wpr-anim-size-large wpr-anim-timing-ease-default wpr-anim-transparency\" data-url=\"https:\/\/tajanaexperience.com\/en\/madrid-una-comunidad-judia-viva-diversa-y-en-constante-crecimiento\/\"><\/div><\/div><\/div><div class=\"wpr-grid-item-below-content elementor-clearfix\"><h2 class=\"wpr-grid-item-title elementor-repeater-item-378ce77 wpr-grid-item-display-block wpr-grid-item-align-left wpr-pointer-none wpr-pointer-line-fx wpr-pointer-fx-fade\"><div class=\"inner-block\"><a target=\"_self\"  href=\"https:\/\/tajanaexperience.com\/en\/madrid-una-comunidad-judia-viva-diversa-y-en-constante-crecimiento\/\">Madrid, una comunidad jud\u00eda viva, diversa y en constante crecimiento<\/a><\/div><\/h2><div class=\"wpr-grid-item-excerpt elementor-repeater-item-86eeaf7 wpr-grid-item-display-block wpr-grid-item-align-left\"><div class=\"inner-block\"><p>Pocos saben que Madrid no solo es la capital pol\u00edtica y cultural de Espa\u00f1a, sino tambi\u00e9n el epicentro de la vida jud\u00eda actual del pa\u00eds. Aqu\u00ed se encuentra la comunidad...<\/p><\/div><\/div><div class=\"wpr-grid-item-read-more elementor-repeater-item-bc83f79 wpr-grid-item-display-block wpr-grid-item-align-left\"><div class=\"inner-block\"><a target=\"_self\" href=\"https:\/\/tajanaexperience.com\/en\/madrid-una-comunidad-judia-viva-diversa-y-en-constante-crecimiento\/\" class=\"wpr-button-effect wpr-button-none\"><span>Leer m\u00e1s<\/span><\/a><\/div><\/div><\/div><\/div><\/article><article class=\"wpr-grid-item elementor-clearfix post-2586 post type-post status-publish format-standard has-post-thumbnail hentry category-uncategorized\"><div class=\"wpr-grid-item-inner\"><div class=\"wpr-grid-media-wrap wpr-effect-size-medium\" data-overlay-link=\"yes\"><div class=\"wpr-grid-image-wrap\" data-src=\"https:\/\/tajanaexperience.com\/wp-content\/uploads\/elementor\/thumbs\/1748419941391-r8f33v2tldjehh1cddv6o12bxqpcrbdobs19d96esw.jpeg\" data-img-on-hover=\"\"  data-src-secondary=\"\"><img decoding=\"async\" data-no-lazy=\"1\" src=\"https:\/\/tajanaexperience.com\/wp-content\/uploads\/elementor\/thumbs\/1748419941391-r8f33v2tldjehh1cddv6o12bxqpcrbdobs19d96esw.jpeg\" alt=\"1748419941391\" class=\"wpr-anim-timing-ease-default\"><\/div><div class=\"wpr-grid-media-hover wpr-animation-wrap\"><div class=\"wpr-grid-media-hover-bg  wpr-overlay-fade-in wpr-anim-size-large wpr-anim-timing-ease-default wpr-anim-transparency\" data-url=\"https:\/\/tajanaexperience.com\/en\/sabias-que-tu-apellido-podria-tener-origen-sefardi-la-herencia-oculta-de-los-conversos-en-espana\/\"><\/div><\/div><\/div><div class=\"wpr-grid-item-below-content elementor-clearfix\"><h2 class=\"wpr-grid-item-title elementor-repeater-item-378ce77 wpr-grid-item-display-block wpr-grid-item-align-left wpr-pointer-none wpr-pointer-line-fx wpr-pointer-fx-fade\"><div class=\"inner-block\"><a target=\"_self\"  href=\"https:\/\/tajanaexperience.com\/en\/sabias-que-tu-apellido-podria-tener-origen-sefardi-la-herencia-oculta-de-los-conversos-en-espana\/\">\u00bfSab\u00edas que tu apellido podr\u00eda tener origen sefard\u00ed? La herencia oculta de los conversos en Espa\u00f1a<\/a><\/div><\/h2><div class=\"wpr-grid-item-excerpt elementor-repeater-item-86eeaf7 wpr-grid-item-display-block wpr-grid-item-align-left\"><div class=\"inner-block\"><p>En Tajana Experience decimos siempre que la historia no est\u00e1 solo en los libros antiguos: est\u00e1 en las calles, en las piedras\u2026 y en nuestros apellidos. Porque aunque muchos no...<\/p><\/div><\/div><div class=\"wpr-grid-item-read-more elementor-repeater-item-bc83f79 wpr-grid-item-display-block wpr-grid-item-align-left\"><div class=\"inner-block\"><a target=\"_self\" href=\"https:\/\/tajanaexperience.com\/en\/sabias-que-tu-apellido-podria-tener-origen-sefardi-la-herencia-oculta-de-los-conversos-en-espana\/\" class=\"wpr-button-effect wpr-button-none\"><span>Leer m\u00e1s<\/span><\/a><\/div><\/div><\/div><\/div><\/article><article class=\"wpr-grid-item elementor-clearfix post-2582 post type-post status-publish format-standard has-post-thumbnail hentry category-uncategorized\"><div class=\"wpr-grid-item-inner\"><div class=\"wpr-grid-media-wrap wpr-effect-size-medium\" data-overlay-link=\"yes\"><div class=\"wpr-grid-image-wrap\" data-src=\"https:\/\/tajanaexperience.com\/wp-content\/uploads\/elementor\/thumbs\/1740402236038-r8f33qdmn7cyvf864tu1tk90ytciotv0n4rtyvddo0.jpeg\" data-img-on-hover=\"\"  data-src-secondary=\"\"><img decoding=\"async\" data-no-lazy=\"1\" src=\"https:\/\/tajanaexperience.com\/wp-content\/uploads\/elementor\/thumbs\/1740402236038-r8f33qdmn7cyvf864tu1tk90ytciotv0n4rtyvddo0.jpeg\" alt=\"1740402236038\" class=\"wpr-anim-timing-ease-default\"><\/div><div class=\"wpr-grid-media-hover wpr-animation-wrap\"><div class=\"wpr-grid-media-hover-bg  wpr-overlay-fade-in wpr-anim-size-large wpr-anim-timing-ease-default wpr-anim-transparency\" data-url=\"https:\/\/tajanaexperience.com\/en\/quienes-eran-los-visigodos-y-por-que-hay-estatuas-suyas-en-el-corazon-de-madrid\/\"><\/div><\/div><\/div><div class=\"wpr-grid-item-below-content elementor-clearfix\"><h2 class=\"wpr-grid-item-title elementor-repeater-item-378ce77 wpr-grid-item-display-block wpr-grid-item-align-left wpr-pointer-none wpr-pointer-line-fx wpr-pointer-fx-fade\"><div class=\"inner-block\"><a target=\"_self\"  href=\"https:\/\/tajanaexperience.com\/en\/quienes-eran-los-visigodos-y-por-que-hay-estatuas-suyas-en-el-corazon-de-madrid\/\">\u00bfQui\u00e9nes eran los visigodos y por qu\u00e9 hay estatuas suyas en el coraz\u00f3n de Madrid?<\/a><\/div><\/h2><div class=\"wpr-grid-item-excerpt elementor-repeater-item-86eeaf7 wpr-grid-item-display-block wpr-grid-item-align-left\"><div class=\"inner-block\"><p>Si alguna vez has caminado por la Plaza de Oriente, frente al Palacio Real, habr\u00e1s visto una serie de estatuas de antiguos reyes de Espa\u00f1a. Entre ellas, sorprendentemente, est\u00e1n los...<\/p><\/div><\/div><div class=\"wpr-grid-item-read-more elementor-repeater-item-bc83f79 wpr-grid-item-display-block wpr-grid-item-align-left\"><div class=\"inner-block\"><a target=\"_self\" href=\"https:\/\/tajanaexperience.com\/en\/quienes-eran-los-visigodos-y-por-que-hay-estatuas-suyas-en-el-corazon-de-madrid\/\" class=\"wpr-button-effect wpr-button-none\"><span>Leer m\u00e1s<\/span><\/a><\/div><\/div><\/div><\/div><\/article><article class=\"wpr-grid-item elementor-clearfix post-2573 post type-post status-publish format-standard has-post-thumbnail hentry category-uncategorized\"><div class=\"wpr-grid-item-inner\"><div class=\"wpr-grid-media-wrap wpr-effect-size-medium\" data-overlay-link=\"yes\"><div class=\"wpr-grid-image-wrap\" data-src=\"https:\/\/tajanaexperience.com\/wp-content\/uploads\/elementor\/thumbs\/1739870517400-r8f33lofp16j9dezw9swz3fpzvzomcccyhiekhkcj4.jpeg\" data-img-on-hover=\"\"  data-src-secondary=\"\"><img decoding=\"async\" data-no-lazy=\"1\" src=\"https:\/\/tajanaexperience.com\/wp-content\/uploads\/elementor\/thumbs\/1739870517400-r8f33lofp16j9dezw9swz3fpzvzomcccyhiekhkcj4.jpeg\" alt=\"1739870517400\" class=\"wpr-anim-timing-ease-default\"><\/div><div class=\"wpr-grid-media-hover wpr-animation-wrap\"><div class=\"wpr-grid-media-hover-bg  wpr-overlay-fade-in wpr-anim-size-large wpr-anim-timing-ease-default wpr-anim-transparency\" data-url=\"https:\/\/tajanaexperience.com\/en\/el-memorial-de-mauthausen-en-madrid-la-historia-de-los-espanoles-en-el-horror-nazi\/\"><\/div><\/div><\/div><div class=\"wpr-grid-item-below-content elementor-clearfix\"><h2 class=\"wpr-grid-item-title elementor-repeater-item-378ce77 wpr-grid-item-display-block wpr-grid-item-align-left wpr-pointer-none wpr-pointer-line-fx wpr-pointer-fx-fade\"><div class=\"inner-block\"><a target=\"_self\"  href=\"https:\/\/tajanaexperience.com\/en\/el-memorial-de-mauthausen-en-madrid-la-historia-de-los-espanoles-en-el-horror-nazi\/\">El Memorial de Mauthausen en Madrid: la historia de los espa\u00f1oles en el horror nazi.<\/a><\/div><\/h2><div class=\"wpr-grid-item-excerpt elementor-repeater-item-86eeaf7 wpr-grid-item-display-block wpr-grid-item-align-left\"><div class=\"inner-block\"><p>En el coraz\u00f3n de Madrid, en una peque\u00f1a calle detr\u00e1s de la Plaza de la Villa, hay un monumento que pocos se detienen a observar. Es discreto, pero su peso...<\/p><\/div><\/div><div class=\"wpr-grid-item-read-more elementor-repeater-item-bc83f79 wpr-grid-item-display-block wpr-grid-item-align-left\"><div class=\"inner-block\"><a target=\"_self\" href=\"https:\/\/tajanaexperience.com\/en\/el-memorial-de-mauthausen-en-madrid-la-historia-de-los-espanoles-en-el-horror-nazi\/\" class=\"wpr-button-effect wpr-button-none\"><span>Leer m\u00e1s<\/span><\/a><\/div><\/div><\/div><\/div><\/article><article class=\"wpr-grid-item elementor-clearfix post-2565 post type-post status-publish format-standard has-post-thumbnail hentry category-uncategorized\"><div class=\"wpr-grid-item-inner\"><div class=\"wpr-grid-media-wrap wpr-effect-size-medium\" data-overlay-link=\"yes\"><div class=\"wpr-grid-image-wrap\" data-src=\"https:\/\/tajanaexperience.com\/wp-content\/uploads\/elementor\/thumbs\/1738947947344-r8f32qnrfi02m8o1xee86t9ie68kkbx7u7zdqcuc8g.jpeg\" data-img-on-hover=\"\"  data-src-secondary=\"\"><img decoding=\"async\" data-no-lazy=\"1\" src=\"https:\/\/tajanaexperience.com\/wp-content\/uploads\/elementor\/thumbs\/1738947947344-r8f32qnrfi02m8o1xee86t9ie68kkbx7u7zdqcuc8g.jpeg\" alt=\"1738947947344\" class=\"wpr-anim-timing-ease-default\"><\/div><div class=\"wpr-grid-media-hover wpr-animation-wrap\"><div class=\"wpr-grid-media-hover-bg  wpr-overlay-fade-in wpr-anim-size-large wpr-anim-timing-ease-default wpr-anim-transparency\" data-url=\"https:\/\/tajanaexperience.com\/en\/angel-pulido-fernandez-el-medico-madrileno-que-rescato-del-olvido-a-una-comunidad-que-espana-habia-expulsado-siglos-atras\/\"><\/div><\/div><\/div><div class=\"wpr-grid-item-below-content elementor-clearfix\"><h2 class=\"wpr-grid-item-title elementor-repeater-item-378ce77 wpr-grid-item-display-block wpr-grid-item-align-left wpr-pointer-none wpr-pointer-line-fx wpr-pointer-fx-fade\"><div class=\"inner-block\"><a target=\"_self\"  href=\"https:\/\/tajanaexperience.com\/en\/angel-pulido-fernandez-el-medico-madrileno-que-rescato-del-olvido-a-una-comunidad-que-espana-habia-expulsado-siglos-atras\/\">\u00c1ngel Pulido Fern\u00e1ndez: El m\u00e9dico madrile\u00f1o que rescat\u00f3 del olvido a una comunidad que Espa\u00f1a hab\u00eda expulsado siglos atr\u00e1s.<\/a><\/div><\/h2><div class=\"wpr-grid-item-excerpt elementor-repeater-item-86eeaf7 wpr-grid-item-display-block wpr-grid-item-align-left\"><div class=\"inner-block\"><p>En un rinc\u00f3n del Parque del Retiro, cerca de la elegante Puerta de Felipe IV, se alza un monumento que, a simple vista, podr\u00eda parecer solo un homenaje a un...<\/p><\/div><\/div><div class=\"wpr-grid-item-read-more elementor-repeater-item-bc83f79 wpr-grid-item-display-block wpr-grid-item-align-left\"><div class=\"inner-block\"><a target=\"_self\" href=\"https:\/\/tajanaexperience.com\/en\/angel-pulido-fernandez-el-medico-madrileno-que-rescato-del-olvido-a-una-comunidad-que-espana-habia-expulsado-siglos-atras\/\" class=\"wpr-button-effect wpr-button-none\"><span>Leer m\u00e1s<\/span><\/a><\/div><\/div><\/div><\/div><\/article><\/section><div class=\"wpr-grid-pagination elementor-clearfix wpr-grid-pagination-load-more\"><a href=\"https:\/\/tajanaexperience.com\/en\/wp-json\/wp\/v2\/pages\/2524\/page\/2\/\" class=\"wpr-load-more-btn\" data-e-disable-page-transition>Learn More<\/a><div class=\"wpr-pagination-loading\"><div class=\"wpr-double-bounce\"><div class=\"wpr-child wpr-double-bounce1\"><\/div><div class=\"wpr-child wpr-double-bounce2\"><\/div><\/div><\/div><p class=\"wpr-pagination-finish\"><\/p><\/div>\t\t\t\t<\/div>\n\t\t\t\t<\/div>\n\t\t\t\t\t<\/div>\n\t\t<\/div>\n\t\t\t\t\t<\/div>\n\t\t<\/section>\n\t\t\t\t<\/div>","protected":false},"excerpt":{"rendered":"<p>tajana blog All Post Madrid, una comunidad jud\u00eda viva, diversa y en constante crecimiento Pocos saben que Madrid no solo es la capital pol\u00edtica y cultural de Espa\u00f1a, sino tambi\u00e9n el epicentro de la vida jud\u00eda actual del pa\u00eds. Aqu\u00ed se encuentra la comunidad&#8230; Leer m\u00e1s \u00bfSab\u00edas que tu apellido podr\u00eda tener origen sefard\u00ed? La herencia oculta de los conversos en Espa\u00f1a En Tajana Experience decimos siempre que la historia no est\u00e1 solo en los libros antiguos: est\u00e1 en las calles, en las piedras\u2026 y en nuestros apellidos. Porque aunque muchos no&#8230; Leer m\u00e1s \u00bfQui\u00e9nes eran los visigodos y por qu\u00e9 hay estatuas suyas en el coraz\u00f3n de Madrid? Si alguna vez has caminado por la Plaza de Oriente, frente al Palacio Real, habr\u00e1s visto una serie de estatuas de antiguos reyes de Espa\u00f1a. Entre ellas, sorprendentemente, est\u00e1n los&#8230; Leer m\u00e1s El Memorial de Mauthausen en Madrid: la historia de los espa\u00f1oles en el horror nazi. En el coraz\u00f3n de Madrid, en una peque\u00f1a calle detr\u00e1s de la Plaza de la Villa, hay un monumento que pocos se detienen a observar. Es discreto, pero su peso&#8230; Leer m\u00e1s \u00c1ngel Pulido Fern\u00e1ndez: El m\u00e9dico madrile\u00f1o que rescat\u00f3 del olvido a una comunidad que Espa\u00f1a hab\u00eda expulsado siglos atr\u00e1s. En un rinc\u00f3n del Parque del Retiro, cerca de la elegante Puerta de Felipe IV, se alza un monumento que, a simple vista, podr\u00eda parecer solo un homenaje a un&#8230; Leer m\u00e1s Madrid y sus \u201cgatos\u201d: Una historia entre murallas y leyendas Dicen que para entender Madrid, hay que mirar tanto sus calles como sus historias. Entre ellas, una de las m\u00e1s curiosas es el apodo de sus habitantes: los \u201cgatos\u201d. Este&#8230; Leer m\u00e1s Ver m\u00e1s<\/p>","protected":false},"author":1,"featured_media":0,"parent":0,"menu_order":0,"comment_status":"closed","ping_status":"closed","template":"","meta":{"site-sidebar-layout":"no-sidebar","site-content-layout":"page-builder","ast-site-content-layout":"full-width-container","site-content-style":"default","site-sidebar-style":"default","ast-global-header-display":"","ast-banner-title-visibility":"","ast-main-header-display":"","ast-hfb-above-header-display":"","ast-hfb-below-header-display":"","ast-hfb-mobile-header-display":"","site-post-title":"disabled","ast-breadcrumbs-content":"","ast-featured-img":"disabled","footer-sml-layout":"","theme-transparent-header-meta":"","adv-header-id-meta":"","stick-header-meta":"","header-above-stick-meta":"","header-main-stick-meta":"","header-below-stick-meta":"","astra-migrate-meta-layouts":"set","ast-page-background-enabled":"default","ast-page-background-meta":{"desktop":{"background-color":"var(--ast-global-color-4)","background-image":"","background-repeat":"repeat","background-position":"center center","background-size":"auto","background-attachment":"scroll","background-type":"","background-media":"","overlay-type":"","overlay-color":"","overlay-opacity":"","overlay-gradient":""},"tablet":{"background-color":"","background-image":"","background-repeat":"repeat","background-position":"center center","background-size":"auto","background-attachment":"scroll","background-type":"","background-media":"","overlay-type":"","overlay-color":"","overlay-opacity":"","overlay-gradient":""},"mobile":{"background-color":"","background-image":"","background-repeat":"repeat","background-position":"center center","background-size":"auto","background-attachment":"scroll","background-type":"","background-media":"","overlay-type":"","overlay-color":"","overlay-opacity":"","overlay-gradient":""}},"ast-content-background-meta":{"desktop":{"background-color":"var(--ast-global-color-5)","background-image":"","background-repeat":"repeat","background-position":"center center","background-size":"auto","background-attachment":"scroll","background-type":"","background-media":"","overlay-type":"","overlay-color":"","overlay-opacity":"","overlay-gradient":""},"tablet":{"background-color":"var(--ast-global-color-5)","background-image":"","background-repeat":"repeat","background-position":"center center","background-size":"auto","background-attachment":"scroll","background-type":"","background-media":"","overlay-type":"","overlay-color":"","overlay-opacity":"","overlay-gradient":""},"mobile":{"background-color":"var(--ast-global-color-5)","background-image":"","background-repeat":"repeat","background-position":"center center","background-size":"auto","background-attachment":"scroll","background-type":"","background-media":"","overlay-type":"","overlay-color":"","overlay-opacity":"","overlay-gradient":""}},"footnotes":""},"class_list":["post-2524","page","type-page","status-publish","hentry"],"rttpg_featured_image_url":null,"rttpg_author":{"display_name":"tajanaexperience@gmail.com","author_link":"https:\/\/tajanaexperience.com\/en\/author\/tajanaexperiencegmail-com\/"},"rttpg_comment":0,"rttpg_category":"","rttpg_excerpt":"tajana blog All Post Madrid, una comunidad jud\u00eda viva, diversa y en constante crecimiento Pocos saben que Madrid no solo es la capital pol\u00edtica y cultural de Espa\u00f1a, sino tambi\u00e9n el epicentro de la vida jud\u00eda actual del pa\u00eds. Aqu\u00ed se encuentra la comunidad&#8230; Leer m\u00e1s \u00bfSab\u00edas que tu apellido podr\u00eda tener origen sefard\u00ed? La&hellip;","_links":{"self":[{"href":"https:\/\/tajanaexperience.com\/en\/wp-json\/wp\/v2\/pages\/2524","targetHints":{"allow":["GET"]}}],"collection":[{"href":"https:\/\/tajanaexperience.com\/en\/wp-json\/wp\/v2\/pages"}],"about":[{"href":"https:\/\/tajanaexperience.com\/en\/wp-json\/wp\/v2\/types\/page"}],"author":[{"embeddable":true,"href":"https:\/\/tajanaexperience.com\/en\/wp-json\/wp\/v2\/users\/1"}],"replies":[{"embeddable":true,"href":"https:\/\/tajanaexperience.com\/en\/wp-json\/wp\/v2\/comments?post=2524"}],"version-history":[{"count":19,"href":"https:\/\/tajanaexperience.com\/en\/wp-json\/wp\/v2\/pages\/2524\/revisions"}],"predecessor-version":[{"id":2701,"href":"https:\/\/tajanaexperience.com\/en\/wp-json\/wp\/v2\/pages\/2524\/revisions\/2701"}],"wp:attachment":[{"href":"https:\/\/tajanaexperience.com\/en\/wp-json\/wp\/v2\/media?parent=2524"}],"curies":[{"name":"wp","href":"https:\/\/api.w.org\/{rel}","templated":true}]}}