{"id":1815,"date":"2024-09-10T14:11:33","date_gmt":"2024-09-10T14:11:33","guid":{"rendered":"https:\/\/tajanaexperience.com\/?page_id=1815"},"modified":"2025-08-19T16:08:26","modified_gmt":"2025-08-19T16:08:26","slug":"elementor-pagina-1815","status":"publish","type":"page","link":"https:\/\/tajanaexperience.com\/en\/elementor-pagina-1815\/","title":{"rendered":"Tajana Walking Tour"},"content":{"rendered":"<div data-elementor-type=\"wp-page\" data-elementor-id=\"1815\" class=\"elementor elementor-1815\">\n\t\t\t\t<div class=\"elementor-element elementor-element-4tqkaua e-flex e-con-boxed wpr-particle-no wpr-jarallax-no wpr-parallax-no wpr-sticky-section-no e-con e-parent\" data-id=\"4tqkaua\" data-element_type=\"container\" data-settings=\"{&quot;background_background&quot;:&quot;classic&quot;}\">\n\t\t\t\t\t<div class=\"e-con-inner\">\n\t\t<div class=\"elementor-element elementor-element-341f31e e-con-full e-flex wpr-particle-no wpr-jarallax-no wpr-parallax-no wpr-sticky-section-no e-con e-child\" data-id=\"341f31e\" data-element_type=\"container\">\n\t\t\t\t<div class=\"elementor-element elementor-element-c607c23 elementor-widget elementor-widget-heading\" data-id=\"c607c23\" data-element_type=\"widget\" data-widget_type=\"heading.default\">\n\t\t\t\t<div class=\"elementor-widget-container\">\n\t\t\t\t\t<h1 class=\"elementor-heading-title elementor-size-default\">tajana walking tour<\/h1>\t\t\t\t<\/div>\n\t\t\t\t<\/div>\n\t\t\t\t<\/div>\n\t\t\t\t\t<\/div>\n\t\t\t\t<\/div>\n\t\t<div class=\"elementor-element elementor-element-3n2zelo e-flex e-con-boxed wpr-particle-no wpr-jarallax-no wpr-parallax-no wpr-sticky-section-no e-con e-parent\" data-id=\"3n2zelo\" data-element_type=\"container\">\n\t\t\t\t\t<div class=\"e-con-inner\">\n\t\t<div class=\"elementor-element elementor-element-53e9612 e-con-full e-flex wpr-particle-no wpr-jarallax-no wpr-parallax-no wpr-sticky-section-no e-con e-child\" data-id=\"53e9612\" data-element_type=\"container\">\n\t\t\t\t<div class=\"elementor-element elementor-element-7179047 elementor-widget elementor-widget-heading\" data-id=\"7179047\" data-element_type=\"widget\" data-widget_type=\"heading.default\">\n\t\t\t\t<div class=\"elementor-widget-container\">\n\t\t\t\t\t<h2 class=\"elementor-heading-title elementor-size-default\">Our Tours<\/h2>\t\t\t\t<\/div>\n\t\t\t\t<\/div>\n\t\t\t\t<div class=\"elementor-element elementor-element-9db05f7 elementor-widget-divider--view-line elementor-widget elementor-widget-divider\" data-id=\"9db05f7\" data-element_type=\"widget\" data-widget_type=\"divider.default\">\n\t\t\t\t<div class=\"elementor-widget-container\">\n\t\t\t\t\t\t\t<div class=\"elementor-divider\">\n\t\t\t<span class=\"elementor-divider-separator\">\n\t\t\t\t\t\t<\/span>\n\t\t<\/div>\n\t\t\t\t\t\t<\/div>\n\t\t\t\t<\/div>\n\t\t\t\t<div class=\"elementor-element elementor-element-18e4ffe elementor-widget elementor-widget-text-editor\" data-id=\"18e4ffe\" data-element_type=\"widget\" data-widget_type=\"text-editor.default\">\n\t\t\t\t<div class=\"elementor-widget-container\">\n\t\t\t\t\t\t\t\t\t<h4 class=\"elementor-heading-title elementor-size-default elementor-inline-editing pen\" contenteditable=\"true\" data-elementor-setting-key=\"title\" data-pen-placeholder=\"Teclea aqu\u00ed...\">An exclusive private tour offering the chance to explore the city\u2019s hidden secrets, historical traces, and enduring landmarks, while discovering how Jewish life thrives today in Madrid\u2019s community.<\/h4>\t\t\t\t\t\t\t\t<\/div>\n\t\t\t\t<\/div>\n\t\t\t\t<\/div>\n\t\t\t\t\t<\/div>\n\t\t\t\t<\/div>\n\t\t<div class=\"elementor-element elementor-element-i1j3dth e-flex e-con-boxed wpr-particle-no wpr-jarallax-no wpr-parallax-no wpr-sticky-section-no e-con e-parent\" data-id=\"i1j3dth\" data-element_type=\"container\">\n\t\t\t\t\t<div class=\"e-con-inner\">\n\t\t<div class=\"elementor-element elementor-element-b19ea39 e-con-full e-flex wpr-particle-no wpr-jarallax-no wpr-parallax-no wpr-sticky-section-no e-con e-child\" data-id=\"b19ea39\" data-element_type=\"container\">\n\t\t\t\t<div class=\"elementor-element elementor-element-f99f203 elementor-widget elementor-widget-image\" data-id=\"f99f203\" data-element_type=\"widget\" data-widget_type=\"image.default\">\n\t\t\t\t<div class=\"elementor-widget-container\">\n\t\t\t\t\t\t\t\t\t\t\t\t\t\t\t\t<a href=\"https:\/\/tajanaexperience.com\/en\/elementor-pagina-1865\/\">\n\t\t\t\t\t\t\t<img fetchpriority=\"high\" decoding=\"async\" width=\"1024\" height=\"683\" src=\"https:\/\/tajanaexperience.com\/wp-content\/smush-webp\/2024\/12\/DSC_0088-1024x683.jpg.webp\" class=\"attachment-large size-large wp-image-2150\" alt=\"DSC 0088 scaled\" srcset=\"https:\/\/tajanaexperience.com\/wp-content\/smush-webp\/2024\/12\/DSC_0088-1024x683.jpg.webp 1024w, https:\/\/tajanaexperience.com\/wp-content\/smush-webp\/2024\/12\/DSC_0088-300x200.jpg.webp 300w, https:\/\/tajanaexperience.com\/wp-content\/smush-webp\/2024\/12\/DSC_0088-768x512.jpg.webp 768w, https:\/\/tajanaexperience.com\/wp-content\/smush-webp\/2024\/12\/DSC_0088-1536x1024.jpg.webp 1536w, https:\/\/tajanaexperience.com\/wp-content\/smush-webp\/2024\/12\/DSC_0088-2048x1365.jpg.webp 2048w\" sizes=\"(max-width: 1024px) 100vw, 1024px\" \/>\t\t\t\t\t\t\t\t<\/a>\n\t\t\t\t\t\t\t\t\t\t\t\t\t\t\t<\/div>\n\t\t\t\t<\/div>\n\t\t\t\t<div class=\"elementor-element elementor-element-d1c18d2 elementor-widget elementor-widget-image-box\" data-id=\"d1c18d2\" data-element_type=\"widget\" data-widget_type=\"image-box.default\">\n\t\t\t\t<div class=\"elementor-widget-container\">\n\t\t\t\t\t<div class=\"elementor-image-box-wrapper\"><div class=\"elementor-image-box-content\"><h5 class=\"elementor-image-box-title\">Jewish Life in Spain<br> - From Origins to the Present -<\/h5><p class=\"elementor-image-box-description\"><span style=\"font-family: &quot;DM Sans&quot;, sans-serif; font-size: 16px;\">Discover our educational tourism offering focused on Spain\u2019s rich Jewish history and culture, with a special emphasis on Sephardic heritage<\/span><span style=\"font-family: &quot;DM Sans&quot;, sans-serif; font-size: 16px;\"><\/span><\/p><\/div><\/div>\t\t\t\t<\/div>\n\t\t\t\t<\/div>\n\t\t\t\t<\/div>\n\t\t<div class=\"elementor-element elementor-element-ec35598 e-con-full e-flex wpr-particle-no wpr-jarallax-no wpr-parallax-no wpr-sticky-section-no e-con e-child\" data-id=\"ec35598\" data-element_type=\"container\">\n\t\t\t\t<div class=\"elementor-element elementor-element-2d2b862 elementor-widget elementor-widget-image\" data-id=\"2d2b862\" data-element_type=\"widget\" data-widget_type=\"image.default\">\n\t\t\t\t<div class=\"elementor-widget-container\">\n\t\t\t\t\t\t\t\t\t\t\t\t\t\t\t\t<a href=\"https:\/\/tajanaexperience.com\/en\/night-walking-tour\/\">\n\t\t\t\t\t\t\t<img decoding=\"async\" width=\"1024\" height=\"681\" data-src=\"https:\/\/tajanaexperience.com\/wp-content\/smush-webp\/2024\/12\/gfebadbbd5f96eb44bf8896e9473d292762c131f856d4d5f2b79de964d19ea34c136ed0c6bb89991b592e530830724f5b2879df5c1349eecb5929e889e4486b23_1280-5010803-1024x681.jpg.webp\" class=\"attachment-large size-large wp-image-2163 lazyload\" alt=\"gfebadbbd5f96eb44bf8896e9473d292762c131f856d4d5f2b79de964d19ea34c136ed0c6bb89991b592e530830724f5b2879df5c1349eecb5929e889e4486b23 1280 5010803\" data-srcset=\"https:\/\/tajanaexperience.com\/wp-content\/smush-webp\/2024\/12\/gfebadbbd5f96eb44bf8896e9473d292762c131f856d4d5f2b79de964d19ea34c136ed0c6bb89991b592e530830724f5b2879df5c1349eecb5929e889e4486b23_1280-5010803-1024x681.jpg.webp 1024w, https:\/\/tajanaexperience.com\/wp-content\/smush-webp\/2024\/12\/gfebadbbd5f96eb44bf8896e9473d292762c131f856d4d5f2b79de964d19ea34c136ed0c6bb89991b592e530830724f5b2879df5c1349eecb5929e889e4486b23_1280-5010803-300x199.jpg.webp 300w, https:\/\/tajanaexperience.com\/wp-content\/smush-webp\/2024\/12\/gfebadbbd5f96eb44bf8896e9473d292762c131f856d4d5f2b79de964d19ea34c136ed0c6bb89991b592e530830724f5b2879df5c1349eecb5929e889e4486b23_1280-5010803-768x511.jpg.webp 768w, https:\/\/tajanaexperience.com\/wp-content\/smush-webp\/2024\/12\/gfebadbbd5f96eb44bf8896e9473d292762c131f856d4d5f2b79de964d19ea34c136ed0c6bb89991b592e530830724f5b2879df5c1349eecb5929e889e4486b23_1280-5010803.jpg.webp 1280w\" data-sizes=\"(max-width: 1024px) 100vw, 1024px\" src=\"data:image\/svg+xml;base64,PHN2ZyB3aWR0aD0iMSIgaGVpZ2h0PSIxIiB4bWxucz0iaHR0cDovL3d3dy53My5vcmcvMjAwMC9zdmciPjwvc3ZnPg==\" style=\"--smush-placeholder-width: 1024px; --smush-placeholder-aspect-ratio: 1024\/681;\" \/>\t\t\t\t\t\t\t\t<\/a>\n\t\t\t\t\t\t\t\t\t\t\t\t\t\t\t<\/div>\n\t\t\t\t<\/div>\n\t\t\t\t<div class=\"elementor-element elementor-element-fa4c287 elementor-widget elementor-widget-image-box\" data-id=\"fa4c287\" data-element_type=\"widget\" data-widget_type=\"image-box.default\">\n\t\t\t\t<div class=\"elementor-widget-container\">\n\t\t\t\t\t<div class=\"elementor-image-box-wrapper\"><div class=\"elementor-image-box-content\"><h5 class=\"elementor-image-box-title\">night walking tour<br>- The Sephardic Legacy -<\/h5><p class=\"elementor-image-box-description\"><span style=\"font-family: &quot;DM Sans&quot;, sans-serif; font-size: 16px;\">Experience Madrid in a magical and different way. Our Night Walking Tour blends the city\u2019s fascinating history with the charm of its illuminated streets.<\/span><span style=\"font-family: &quot;DM Sans&quot;, sans-serif; font-size: 16px;\"><\/span><\/p><\/div><\/div>\t\t\t\t<\/div>\n\t\t\t\t<\/div>\n\t\t\t\t<\/div>\n\t\t\t\t\t<\/div>\n\t\t\t\t<\/div>\n\t\t\t\t<section class=\"elementor-section elementor-top-section elementor-element elementor-element-62803941 elementor-section-content-middle elementor-section-boxed elementor-section-height-default elementor-section-height-default wpr-particle-no wpr-jarallax-no wpr-parallax-no wpr-sticky-section-no\" data-id=\"62803941\" data-element_type=\"section\" data-settings=\"{&quot;background_background&quot;:&quot;classic&quot;}\">\n\t\t\t\t\t\t\t<div class=\"elementor-background-overlay\"><\/div>\n\t\t\t\t\t\t\t<div class=\"elementor-container elementor-column-gap-no\">\n\t\t\t\t\t<div class=\"elementor-column elementor-col-66 elementor-top-column elementor-element elementor-element-7f4b3bbb\" data-id=\"7f4b3bbb\" data-element_type=\"column\">\n\t\t\t<div class=\"elementor-widget-wrap elementor-element-populated\">\n\t\t\t\t\t\t<div class=\"elementor-element elementor-element-5aaabcb1 elementor-widget elementor-widget-heading\" data-id=\"5aaabcb1\" data-element_type=\"widget\" data-widget_type=\"heading.default\">\n\t\t\t\t<div class=\"elementor-widget-container\">\n\t\t\t\t\t<h2 class=\"elementor-heading-title elementor-size-default\">Have You Experienced Tajana Yet?<\/h2>\t\t\t\t<\/div>\n\t\t\t\t<\/div>\n\t\t\t\t<div class=\"elementor-element elementor-element-1b2fb447 elementor-widget elementor-widget-text-editor\" data-id=\"1b2fb447\" data-element_type=\"widget\" data-widget_type=\"text-editor.default\">\n\t\t\t\t<div class=\"elementor-widget-container\">\n\t\t\t\t\t\t\t\t\t<p>Your feedback helps us grow and reach more travelers looking for authentic journeys. Leave us a review on Google and share your experience.<\/p>\t\t\t\t\t\t\t\t<\/div>\n\t\t\t\t<\/div>\n\t\t\t\t\t<\/div>\n\t\t<\/div>\n\t\t\t\t<div class=\"elementor-column elementor-col-33 elementor-top-column elementor-element elementor-element-5349bd06\" data-id=\"5349bd06\" data-element_type=\"column\">\n\t\t\t<div class=\"elementor-widget-wrap elementor-element-populated\">\n\t\t\t\t\t\t<div class=\"elementor-element elementor-element-38ec1175 elementor-align-center elementor-widget elementor-widget-button\" data-id=\"38ec1175\" data-element_type=\"widget\" data-widget_type=\"button.default\">\n\t\t\t\t<div class=\"elementor-widget-container\">\n\t\t\t\t\t\t\t\t\t<div class=\"elementor-button-wrapper\">\n\t\t\t\t\t<a class=\"elementor-button elementor-button-link elementor-size-sm\" href=\"https:\/\/www.google.com\/maps\/place\/Tajana+Experience\/@35.67445,-6.8143,5z\/data=!3m1!4b1!4m6!3m5!1s0x82283160c431f7d:0x8cc8c1e4057ec3d!8m2!3d35.67445!4d-6.8143!16s%2Fg%2F11whmt95ty?authuser=1&#038;entry=ttu&#038;g_ep=EgoyMDI1MDgxMy4wIKXMDSoASAFQAw%3D%3D\">\n\t\t\t\t\t\t<span class=\"elementor-button-content-wrapper\">\n\t\t\t\t\t\t<span class=\"elementor-button-icon\">\n\t\t\t\t<svg aria-hidden=\"true\" class=\"e-font-icon-svg e-fas-long-arrow-alt-right\" viewbox=\"0 0 448 512\" xmlns=\"http:\/\/www.w3.org\/2000\/svg\"><path d=\"M313.941 216H12c-6.627 0-12 5.373-12 12v56c0 6.627 5.373 12 12 12h301.941v46.059c0 21.382 25.851 32.09 40.971 16.971l86.059-86.059c9.373-9.373 9.373-24.569 0-33.941l-86.059-86.059c-15.119-15.119-40.971-4.411-40.971 16.971V216z\"><\/path><\/svg>\t\t\t<\/span>\n\t\t\t\t\t\t\t\t\t<span class=\"elementor-button-text\">Share Your Experience<\/span>\n\t\t\t\t\t<\/span>\n\t\t\t\t\t<\/a>\n\t\t\t\t<\/div>\n\t\t\t\t\t\t\t\t<\/div>\n\t\t\t\t<\/div>\n\t\t\t\t\t<\/div>\n\t\t<\/div>\n\t\t\t\t\t<\/div>\n\t\t<\/section>\n\t\t\t\t<\/div>","protected":false},"excerpt":{"rendered":"<p>tajana walking tour nuestros tours Recorrido exclusivo y privado que ofrece la oportunidad de explorar los secretos, huellas y rastros hist\u00f3ricos que a\u00fan permanecen en la ciudad, as\u00ed como descubrir c\u00f3mo se constituye la vida jud\u00eda actual en la comunidad madrile\u00f1a. \u200b La vida jud\u00eda en Espa\u00f1a &#8211; or\u00edgenes y actualidad &#8211; Descubre nuestra propuesta tur\u00edstica educativa centrada en la rica historia y cultura jud\u00eda de Espa\u00f1a, con un enfoque especial en la herencia Sefarad\u00ed night walking tour&#8211; el legado sefarad\u00ed &#8211; Explora Madrid de una manera m\u00e1gica y diferente. Nuestro Night Walking Tour combina la fascinante historia de la ciudad con el encanto de sus calles iluminadas. \u00bfya viviste la experiencia? Deja tu rese\u00f1a en Google Reviews para que m\u00e1s viajeros nos conozcan Deja tu rese\u00f1a<\/p>","protected":false},"author":1,"featured_media":0,"parent":0,"menu_order":0,"comment_status":"closed","ping_status":"closed","template":"","meta":{"site-sidebar-layout":"no-sidebar","site-content-layout":"page-builder","ast-site-content-layout":"full-width-container","site-content-style":"unboxed","site-sidebar-style":"unboxed","ast-global-header-display":"","ast-banner-title-visibility":"","ast-main-header-display":"","ast-hfb-above-header-display":"","ast-hfb-below-header-display":"","ast-hfb-mobile-header-display":"","site-post-title":"disabled","ast-breadcrumbs-content":"","ast-featured-img":"disabled","footer-sml-layout":"","theme-transparent-header-meta":"","adv-header-id-meta":"","stick-header-meta":"","header-above-stick-meta":"","header-main-stick-meta":"","header-below-stick-meta":"","astra-migrate-meta-layouts":"set","ast-page-background-enabled":"default","ast-page-background-meta":{"desktop":{"background-color":"var(--ast-global-color-4)","background-image":"","background-repeat":"repeat","background-position":"center center","background-size":"auto","background-attachment":"scroll","background-type":"","background-media":"","overlay-type":"","overlay-color":"","overlay-opacity":"","overlay-gradient":""},"tablet":{"background-color":"","background-image":"","background-repeat":"repeat","background-position":"center center","background-size":"auto","background-attachment":"scroll","background-type":"","background-media":"","overlay-type":"","overlay-color":"","overlay-opacity":"","overlay-gradient":""},"mobile":{"background-color":"","background-image":"","background-repeat":"repeat","background-position":"center center","background-size":"auto","background-attachment":"scroll","background-type":"","background-media":"","overlay-type":"","overlay-color":"","overlay-opacity":"","overlay-gradient":""}},"ast-content-background-meta":{"desktop":{"background-color":"var(--ast-global-color-5)","background-image":"","background-repeat":"repeat","background-position":"center center","background-size":"auto","background-attachment":"scroll","background-type":"","background-media":"","overlay-type":"","overlay-color":"","overlay-opacity":"","overlay-gradient":""},"tablet":{"background-color":"var(--ast-global-color-5)","background-image":"","background-repeat":"repeat","background-position":"center center","background-size":"auto","background-attachment":"scroll","background-type":"","background-media":"","overlay-type":"","overlay-color":"","overlay-opacity":"","overlay-gradient":""},"mobile":{"background-color":"var(--ast-global-color-5)","background-image":"","background-repeat":"repeat","background-position":"center center","background-size":"auto","background-attachment":"scroll","background-type":"","background-media":"","overlay-type":"","overlay-color":"","overlay-opacity":"","overlay-gradient":""}},"footnotes":""},"class_list":["post-1815","page","type-page","status-publish","hentry"],"rttpg_featured_image_url":null,"rttpg_author":{"display_name":"tajanaexperience@gmail.com","author_link":"https:\/\/tajanaexperience.com\/en\/author\/tajanaexperiencegmail-com\/"},"rttpg_comment":0,"rttpg_category":null,"rttpg_excerpt":"tajana walking tour nuestros tours Recorrido exclusivo y privado que ofrece la oportunidad de explorar los secretos, huellas y rastros hist\u00f3ricos que a\u00fan permanecen en la ciudad, as\u00ed como descubrir c\u00f3mo se constituye la vida jud\u00eda actual en la comunidad madrile\u00f1a. \u200b La vida jud\u00eda en Espa\u00f1a &#8211; or\u00edgenes y actualidad &#8211; Descubre nuestra propuesta&hellip;","_links":{"self":[{"href":"https:\/\/tajanaexperience.com\/en\/wp-json\/wp\/v2\/pages\/1815","targetHints":{"allow":["GET"]}}],"collection":[{"href":"https:\/\/tajanaexperience.com\/en\/wp-json\/wp\/v2\/pages"}],"about":[{"href":"https:\/\/tajanaexperience.com\/en\/wp-json\/wp\/v2\/types\/page"}],"author":[{"embeddable":true,"href":"https:\/\/tajanaexperience.com\/en\/wp-json\/wp\/v2\/users\/1"}],"replies":[{"embeddable":true,"href":"https:\/\/tajanaexperience.com\/en\/wp-json\/wp\/v2\/comments?post=1815"}],"version-history":[{"count":38,"href":"https:\/\/tajanaexperience.com\/en\/wp-json\/wp\/v2\/pages\/1815\/revisions"}],"predecessor-version":[{"id":2729,"href":"https:\/\/tajanaexperience.com\/en\/wp-json\/wp\/v2\/pages\/1815\/revisions\/2729"}],"wp:attachment":[{"href":"https:\/\/tajanaexperience.com\/en\/wp-json\/wp\/v2\/media?parent=1815"}],"curies":[{"name":"wp","href":"https:\/\/api.w.org\/{rel}","templated":true}]}}