{"id":1319,"date":"2024-08-12T17:10:27","date_gmt":"2024-08-12T17:10:27","guid":{"rendered":"https:\/\/tajanaexperience.com\/about\/"},"modified":"2025-08-11T10:39:45","modified_gmt":"2025-08-11T10:39:45","slug":"sobre-nosotros","status":"publish","type":"page","link":"https:\/\/tajanaexperience.com\/en\/sobre-nosotros\/","title":{"rendered":"About us"},"content":{"rendered":"<div data-elementor-type=\"wp-page\" data-elementor-id=\"1319\" class=\"elementor elementor-1319\">\n\t\t\t\t<div class=\"elementor-element elementor-element-dcfb448 e-flex e-con-boxed wpr-particle-no wpr-jarallax-no wpr-parallax-no wpr-sticky-section-no e-con e-parent\" data-id=\"dcfb448\" data-element_type=\"container\" data-settings=\"{&quot;background_background&quot;:&quot;classic&quot;}\">\n\t\t\t\t\t<div class=\"e-con-inner\">\n\t\t<div class=\"elementor-element elementor-element-d21b7e0 e-flex e-con-boxed wpr-particle-no wpr-jarallax-no wpr-parallax-no wpr-sticky-section-no e-con e-child\" data-id=\"d21b7e0\" data-element_type=\"container\">\n\t\t\t\t\t<div class=\"e-con-inner\">\n\t\t\t\t<div class=\"elementor-element elementor-element-e9fd9dc elementor-widget elementor-widget-heading\" data-id=\"e9fd9dc\" data-element_type=\"widget\" data-widget_type=\"heading.default\">\n\t\t\t\t<div class=\"elementor-widget-container\">\n\t\t\t\t\t<h1 class=\"elementor-heading-title elementor-size-default\">Discover Tajana and Cultural Tourism in Spain <\/h1>\t\t\t\t<\/div>\n\t\t\t\t<\/div>\n\t\t\t\t<div class=\"elementor-element elementor-element-9d9631c elementor-widget elementor-widget-heading\" data-id=\"9d9631c\" data-element_type=\"widget\" data-widget_type=\"heading.default\">\n\t\t\t\t<div class=\"elementor-widget-container\">\n\t\t\t\t\t<h1 class=\"elementor-heading-title elementor-size-default\">Education, Culture &amp; Heritage in Motion<\/h1>\t\t\t\t<\/div>\n\t\t\t\t<\/div>\n\t\t\t\t\t<\/div>\n\t\t\t\t<\/div>\n\t\t\t\t\t<\/div>\n\t\t\t\t<\/div>\n\t\t<div class=\"elementor-element elementor-element-a21fbd5 e-flex e-con-boxed wpr-particle-no wpr-jarallax-no wpr-parallax-no wpr-sticky-section-no e-con e-parent\" data-id=\"a21fbd5\" data-element_type=\"container\">\n\t\t\t\t\t<div class=\"e-con-inner\">\n\t\t<div class=\"elementor-element elementor-element-a7e8cce e-con-full e-flex wpr-particle-no wpr-jarallax-no wpr-parallax-no wpr-sticky-section-no e-con e-child\" data-id=\"a7e8cce\" data-element_type=\"container\">\n\t\t\t\t<div class=\"elementor-element elementor-element-67c1117 elementor-widget elementor-widget-text-editor\" data-id=\"67c1117\" data-element_type=\"widget\" data-widget_type=\"text-editor.default\">\n\t\t\t\t<div class=\"elementor-widget-container\">\n\t\t\t\t\t\t\t\t\t<p>Tajana offers unique cultural experiences focused on Sephardic heritage and Jewish life in Spain. Through walking tours and tailor-made educational programs, we create journeys that connect history, identity, and community.<\/p><p>Our main focus is Madrid, where we design walking itineraries through the historic center, but we also guide travelers who wish to explore other cities with a Jewish legacy, such as Toledo.<\/p><p>Every experience is crafted with sensitivity, knowledge, and purpose \u2014 so each traveler takes home more than just a tour: a truly transformative journey.<\/p>\t\t\t\t\t\t\t\t<\/div>\n\t\t\t\t<\/div>\n\t\t\t\t<\/div>\n\t\t\t\t\t<\/div>\n\t\t\t\t<\/div>\n\t\t<div class=\"elementor-element elementor-element-500861b e-flex e-con-boxed wpr-particle-no wpr-jarallax-no wpr-parallax-no wpr-sticky-section-no e-con e-parent\" data-id=\"500861b\" data-element_type=\"container\">\n\t\t\t\t\t<div class=\"e-con-inner\">\n\t\t<div class=\"elementor-element elementor-element-7dbc6fb e-con-full e-flex wpr-particle-no wpr-jarallax-no wpr-parallax-no wpr-sticky-section-no e-con e-child\" data-id=\"7dbc6fb\" data-element_type=\"container\">\n\t\t\t\t<div class=\"elementor-element elementor-element-e9a8c1e elementor-widget__width-auto elementor-widget elementor-widget-image\" data-id=\"e9a8c1e\" data-element_type=\"widget\" data-widget_type=\"image.default\">\n\t\t\t\t<div class=\"elementor-widget-container\">\n\t\t\t\t\t\t\t\t\t\t\t\t\t\t\t<img fetchpriority=\"high\" decoding=\"async\" width=\"2560\" height=\"1707\" src=\"https:\/\/tajanaexperience.com\/wp-content\/smush-webp\/2024\/12\/DSC_0228-scaled.jpg.webp\" class=\"attachment-full size-full wp-image-2161\" alt=\"DSC 0228 scaled\" srcset=\"https:\/\/tajanaexperience.com\/wp-content\/smush-webp\/2024\/12\/DSC_0228-scaled.jpg.webp 2560w, https:\/\/tajanaexperience.com\/wp-content\/smush-webp\/2024\/12\/DSC_0228-300x200.jpg.webp 300w, https:\/\/tajanaexperience.com\/wp-content\/smush-webp\/2024\/12\/DSC_0228-1024x683.jpg.webp 1024w, https:\/\/tajanaexperience.com\/wp-content\/smush-webp\/2024\/12\/DSC_0228-768x512.jpg.webp 768w, https:\/\/tajanaexperience.com\/wp-content\/smush-webp\/2024\/12\/DSC_0228-1536x1024.jpg.webp 1536w, https:\/\/tajanaexperience.com\/wp-content\/smush-webp\/2024\/12\/DSC_0228-2048x1365.jpg.webp 2048w\" sizes=\"(max-width: 2560px) 100vw, 2560px\" \/>\t\t\t\t\t\t\t\t\t\t\t\t\t\t\t<\/div>\n\t\t\t\t<\/div>\n\t\t<div class=\"elementor-element elementor-element-51b695b e-flex e-con-boxed wpr-particle-no wpr-jarallax-no wpr-parallax-no wpr-sticky-section-no e-con e-child\" data-id=\"51b695b\" data-element_type=\"container\">\n\t\t\t\t\t<div class=\"e-con-inner\">\n\t\t<div class=\"elementor-element elementor-element-bda37a0 e-flex e-con-boxed wpr-particle-no wpr-jarallax-no wpr-parallax-no wpr-sticky-section-no e-con e-child\" data-id=\"bda37a0\" data-element_type=\"container\">\n\t\t\t\t\t<div class=\"e-con-inner\">\n\t\t\t\t<div class=\"elementor-element elementor-element-6d20ef0 elementor-widget elementor-widget-heading\" data-id=\"6d20ef0\" data-element_type=\"widget\" data-widget_type=\"heading.default\">\n\t\t\t\t<div class=\"elementor-widget-container\">\n\t\t\t\t\t<h3 class=\"elementor-heading-title elementor-size-default\">Our Mission<\/h3>\t\t\t\t<\/div>\n\t\t\t\t<\/div>\n\t\t\t\t<div class=\"elementor-element elementor-element-91bab08 elementor-widget elementor-widget-text-editor\" data-id=\"91bab08\" data-element_type=\"widget\" data-widget_type=\"text-editor.default\">\n\t\t\t\t<div class=\"elementor-widget-container\">\n\t\t\t\t\t\t\t\t\t<p><span style=\"font-weight: 400;\">To connect travelers with Spain\u2019s Jewish heritage \u2014 preserving history while celebrating the vitality of Jewish life today. We design personalized cultural and educational experiences that foster a deep and meaningful understanding.<\/span><\/p>\t\t\t\t\t\t\t\t<\/div>\n\t\t\t\t<\/div>\n\t\t\t\t\t<\/div>\n\t\t\t\t<\/div>\n\t\t<div class=\"elementor-element elementor-element-8c3d36e e-flex e-con-boxed wpr-particle-no wpr-jarallax-no wpr-parallax-no wpr-sticky-section-no e-con e-child\" data-id=\"8c3d36e\" data-element_type=\"container\">\n\t\t\t\t\t<div class=\"e-con-inner\">\n\t\t\t\t<div class=\"elementor-element elementor-element-2061947 elementor-widget elementor-widget-heading\" data-id=\"2061947\" data-element_type=\"widget\" data-widget_type=\"heading.default\">\n\t\t\t\t<div class=\"elementor-widget-container\">\n\t\t\t\t\t<h3 class=\"elementor-heading-title elementor-size-default\">Our Values<\/h3>\t\t\t\t<\/div>\n\t\t\t\t<\/div>\n\t\t\t\t<div class=\"elementor-element elementor-element-d19c62f elementor-widget elementor-widget-text-editor\" data-id=\"d19c62f\" data-element_type=\"widget\" data-widget_type=\"text-editor.default\">\n\t\t\t\t<div class=\"elementor-widget-container\">\n\t\t\t\t\t\t\t\t\t<p><span style=\"font-weight: 400;\">Personalization,\u00a0<\/span><span style=\"font-style: inherit; background-color: var(--ast-global-color-5); color: var(--ast-global-color-2);\">Authenticity,\u00a0<\/span><span style=\"font-style: inherit; background-color: var(--ast-global-color-5); color: var(--ast-global-color-2);\">Service Excellence,\u00a0<\/span><span style=\"font-style: inherit; background-color: var(--ast-global-color-5); color: var(--ast-global-color-2);\">Connection, Community,\u00a0<\/span><span style=\"font-style: inherit; background-color: var(--ast-global-color-5); color: var(--ast-global-color-2);\">Respect for Heritage,\u00a0<\/span><span style=\"font-style: inherit; background-color: var(--ast-global-color-5); color: var(--ast-global-color-2);\">Innovation,\u00a0<\/span><span style=\"background-color: var(--ast-global-color-5); color: var(--ast-global-color-2); font-style: inherit; font-weight: inherit;\">Educational Commitment.<\/span><\/p>\t\t\t\t\t\t\t\t<\/div>\n\t\t\t\t<\/div>\n\t\t\t\t\t<\/div>\n\t\t\t\t<\/div>\n\t\t\t\t\t<\/div>\n\t\t\t\t<\/div>\n\t\t\t\t<\/div>\n\t\t\t\t\t<\/div>\n\t\t\t\t<\/div>\n\t\t\t\t<section class=\"elementor-section elementor-top-section elementor-element elementor-element-7kbqqlv elementor-section-content-middle elementor-reverse-tablet elementor-section-boxed elementor-section-height-default elementor-section-height-default wpr-particle-no wpr-jarallax-no wpr-parallax-no wpr-sticky-section-no\" data-id=\"7kbqqlv\" data-element_type=\"section\" data-settings=\"{&quot;background_background&quot;:&quot;classic&quot;}\">\n\t\t\t\t\t\t\t<div class=\"elementor-background-overlay\"><\/div>\n\t\t\t\t\t\t\t<div class=\"elementor-container elementor-column-gap-default\">\n\t\t\t\t\t<div class=\"elementor-column elementor-col-50 elementor-top-column elementor-element elementor-element-02ed74d\" data-id=\"02ed74d\" data-element_type=\"column\">\n\t\t\t<div class=\"elementor-widget-wrap elementor-element-populated\">\n\t\t\t\t\t\t<div class=\"elementor-element elementor-element-19e8be7 elementor-widget__width-initial elementor-widget elementor-widget-image\" data-id=\"19e8be7\" data-element_type=\"widget\" data-widget_type=\"image.default\">\n\t\t\t\t<div class=\"elementor-widget-container\">\n\t\t\t\t\t\t\t\t\t\t\t\t\t\t\t<img decoding=\"async\" width=\"963\" height=\"1024\" data-src=\"https:\/\/tajanaexperience.com\/wp-content\/smush-webp\/2025\/07\/Nosotros-final-963x1024.png.webp\" class=\"attachment-large size-large wp-image-2642 lazyload\" alt=\"Nosotros final scaled\" data-srcset=\"https:\/\/tajanaexperience.com\/wp-content\/smush-webp\/2025\/07\/Nosotros-final-963x1024.png.webp 963w, https:\/\/tajanaexperience.com\/wp-content\/smush-webp\/2025\/07\/Nosotros-final-282x300.png.webp 282w, https:\/\/tajanaexperience.com\/wp-content\/smush-webp\/2025\/07\/Nosotros-final-768x816.png.webp 768w, https:\/\/tajanaexperience.com\/wp-content\/smush-webp\/2025\/07\/Nosotros-final-1445x1536.png.webp 1445w, https:\/\/tajanaexperience.com\/wp-content\/smush-webp\/2025\/07\/Nosotros-final-1927x2048.png.webp 1927w\" data-sizes=\"(max-width: 963px) 100vw, 963px\" src=\"data:image\/svg+xml;base64,PHN2ZyB3aWR0aD0iMSIgaGVpZ2h0PSIxIiB4bWxucz0iaHR0cDovL3d3dy53My5vcmcvMjAwMC9zdmciPjwvc3ZnPg==\" style=\"--smush-placeholder-width: 963px; --smush-placeholder-aspect-ratio: 963\/1024;\" \/>\t\t\t\t\t\t\t\t\t\t\t\t\t\t\t<\/div>\n\t\t\t\t<\/div>\n\t\t\t\t\t<\/div>\n\t\t<\/div>\n\t\t\t\t<div class=\"elementor-column elementor-col-50 elementor-top-column elementor-element elementor-element-bb729d9\" data-id=\"bb729d9\" data-element_type=\"column\">\n\t\t\t<div class=\"elementor-widget-wrap elementor-element-populated\">\n\t\t\t\t\t\t<div class=\"elementor-element elementor-element-61c9dfd elementor-widget__width-initial elementor-widget elementor-widget-heading\" data-id=\"61c9dfd\" data-element_type=\"widget\" data-widget_type=\"heading.default\">\n\t\t\t\t<div class=\"elementor-widget-container\">\n\t\t\t\t\t<h2 class=\"elementor-heading-title elementor-size-default\">Tajana Was Born from a Passion to Educate and Connect<\/h2>\t\t\t\t<\/div>\n\t\t\t\t<\/div>\n\t\t\t\t<div class=\"elementor-element elementor-element-303e9be elementor-widget-divider--view-line_text elementor-widget-divider--element-align-left elementor-widget__width-initial elementor-widget elementor-widget-divider\" data-id=\"303e9be\" data-element_type=\"widget\" data-widget_type=\"divider.default\">\n\t\t\t\t<div class=\"elementor-widget-container\">\n\t\t\t\t\t\t\t<div class=\"elementor-divider\">\n\t\t\t<span class=\"elementor-divider-separator\">\n\t\t\t\t\t\t<\/span>\n\t\t<\/div>\n\t\t\t\t\t\t<\/div>\n\t\t\t\t<\/div>\n\t\t\t\t<div class=\"elementor-element elementor-element-9303ad8 elementor-widget elementor-widget-text-editor\" data-id=\"9303ad8\" data-element_type=\"widget\" data-widget_type=\"text-editor.default\">\n\t\t\t\t<div class=\"elementor-widget-container\">\n\t\t\t\t\t\t\t\t\t<p>We are Ian and Wally, founders of Tajana Experience. With backgrounds in community leadership, education, and tourism, we created this project to offer travelers authentic experiences that connect them with their roots, culture, and values.<\/p>\t\t\t\t\t\t\t\t<\/div>\n\t\t\t\t<\/div>\n\t\t\t\t<div class=\"elementor-element elementor-element-5699753 elementor-widget elementor-widget-text-editor\" data-id=\"5699753\" data-element_type=\"widget\" data-widget_type=\"text-editor.default\">\n\t\t\t\t<div class=\"elementor-widget-container\">\n\t\t\t\t\t\t\t\t\t<p>Wally<\/p>\t\t\t\t\t\t\t\t<\/div>\n\t\t\t\t<\/div>\n\t\t\t\t<div class=\"elementor-element elementor-element-1fd6496 elementor-widget elementor-widget-text-editor\" data-id=\"1fd6496\" data-element_type=\"widget\" data-widget_type=\"text-editor.default\">\n\t\t\t\t<div class=\"elementor-widget-container\">\n\t\t\t\t\t\t\t\t\t<p>Social Organization Leadership &amp; Tourism Management<\/p>\t\t\t\t\t\t\t\t<\/div>\n\t\t\t\t<\/div>\n\t\t\t\t<div class=\"elementor-element elementor-element-70ae0d9 elementor-widget__width-initial elementor-widget elementor-widget-text-editor\" data-id=\"70ae0d9\" data-element_type=\"widget\" data-widget_type=\"text-editor.default\">\n\t\t\t\t<div class=\"elementor-widget-container\">\n\t\t\t\t\t\t\t\t\t<p>For years, I have designed and coordinated impactful projects, gaining experience in organizational leadership and managing professional and volunteer teams. I\u2019ve worked on initiatives in Argentina, Panama, Israel, and Spain, and my passion for tourism has allowed me to connect cultures while enhancing my interpersonal skills.<\/p><p>\u00a0<\/p>\t\t\t\t\t\t\t\t<\/div>\n\t\t\t\t<\/div>\n\t\t\t\t<div class=\"elementor-element elementor-element-2966755 elementor-widget elementor-widget-text-editor\" data-id=\"2966755\" data-element_type=\"widget\" data-widget_type=\"text-editor.default\">\n\t\t\t\t<div class=\"elementor-widget-container\">\n\t\t\t\t\t\t\t\t\t<p>Ian<\/p>\t\t\t\t\t\t\t\t<\/div>\n\t\t\t\t<\/div>\n\t\t\t\t<div class=\"elementor-element elementor-element-e181801 elementor-widget elementor-widget-text-editor\" data-id=\"e181801\" data-element_type=\"widget\" data-widget_type=\"text-editor.default\">\n\t\t\t\t<div class=\"elementor-widget-container\">\n\t\t\t\t\t\t\t\t\t<p>Psychologist &amp; Educator<\/p>\t\t\t\t\t\t\t\t<\/div>\n\t\t\t\t<\/div>\n\t\t\t\t<div class=\"elementor-element elementor-element-bb28e48 elementor-widget elementor-widget-text-editor\" data-id=\"bb28e48\" data-element_type=\"widget\" data-widget_type=\"text-editor.default\">\n\t\t\t\t<div class=\"elementor-widget-container\">\n\t\t\t\t\t\t\t\t\t<div class=\"flex-shrink-0 flex flex-col relative items-end\"><div><div class=\"pt-0\"><div class=\"gizmo-bot-avatar flex h-8 w-8 items-center justify-center overflow-hidden rounded-full\"><div class=\"relative p-1 rounded-sm flex items-center justify-center bg-token-main-surface-primary text-token-text-primary h-8 w-8\"><span style=\"font-style: inherit; font-weight: inherit; background-color: rgba(255, 252, 252, 0);\">With a strong background in team management and development, and extensive experience in community and educational work, I focus on driving innovative projects that transform lives. My work with international organizations has strengthened my skills and allowed me to build valuable professional connections.<\/span><\/div><\/div><\/div><\/div><\/div>\t\t\t\t\t\t\t\t<\/div>\n\t\t\t\t<\/div>\n\t\t\t\t\t<\/div>\n\t\t<\/div>\n\t\t\t\t\t<\/div>\n\t\t<\/section>\n\t\t\t\t<\/div>","protected":false},"excerpt":{"rendered":"<p>Descubre Tajana y el turismo en Espa\u00f1a educaci\u00f3n, cultura y legado en movimiento Tajana ofrece experiencias culturales \u00fanicas centradas en la herencia sefard\u00ed y la vida jud\u00eda en Espa\u00f1a. A trav\u00e9s de walking tours y propuestas educativas personalizadas, buscamos crear recorridos que conecten historia, identidad y comunidad. Nuestro enfoque principal est\u00e1 en Madrid, donde desarrollamos itinerarios a pie por el centro hist\u00f3rico, aunque tambi\u00e9n acompa\u00f1amos a quienes desean explorar otras ciudades con legado jud\u00edo, como Toledo. Cada experiencia est\u00e1 dise\u00f1ada con sensibilidad, conocimiento y prop\u00f3sito, para que cada viajero se lleve mucho m\u00e1s que un paseo: una vivencia transformadora nuestra misi\u00f3n Conectar a nuestros viajeros con el legado jud\u00edo en Espa\u00f1a, preservando la historia y celebrando la vitalidad de la vida jud\u00eda actual mediante experiencias educativas y culturales personalizadas que fomenten una comprensi\u00f3n profunda y significativa. Nuestros valores Personalizaci\u00f3n,\u00a0Autenticidad,\u00a0Excelencia en el Servicio,\u00a0Conexi\u00f3n, Comunitaria,\u00a0Respeto por el Legado,\u00a0Innovaci\u00f3n,\u00a0Compromiso Educativo Tajana nace de la vocaci\u00f3n por educar y conectar Somos Ian y Wally, fundadores de Tajana Experience. Con experiencia en liderazgo comunitario, educaci\u00f3n y turismo, creamos este proyecto para ofrecer a los viajeros vivencias aut\u00e9nticas que conecten con sus ra\u00edces, cultura y valores. Wally Direcci\u00f3n de Organizaciones Sociales y Gesti\u00f3n de Turismo Desde hace a\u00f1os dise\u00f1o y coordino proyectos con impacto, con experiencia en liderazgo organizacional y coordinaci\u00f3n de equipos profesionales y voluntarios. He trabajado en proyectos en Argentina, Panam\u00e1, Israel y Espa\u00f1a, y mi pasi\u00f3n por el turismo me ha permitido conectar culturas y enriquecer mis habilidades interpersonales. \u00a0 Ian Lic. en Psicolog\u00eda y Educador Con una s\u00f3lida formaci\u00f3n en gesti\u00f3n y desarrollo de equipos y amplia trayectoria en el \u00e1mbito comunitario y educativo, me dedico a impulsar proyectos innovadores que transforman vidas. Mi experiencia en organizaciones internacionales ha fortalecido mis habilidades y me ha permitido crear valiosos v\u00ednculos profesionales.<\/p>","protected":false},"author":1,"featured_media":0,"parent":0,"menu_order":0,"comment_status":"closed","ping_status":"closed","template":"","meta":{"site-sidebar-layout":"no-sidebar","site-content-layout":"page-builder","ast-site-content-layout":"full-width-container","site-content-style":"unboxed","site-sidebar-style":"unboxed","ast-global-header-display":"","ast-banner-title-visibility":"","ast-main-header-display":"","ast-hfb-above-header-display":"","ast-hfb-below-header-display":"","ast-hfb-mobile-header-display":"","site-post-title":"disabled","ast-breadcrumbs-content":"","ast-featured-img":"disabled","footer-sml-layout":"","theme-transparent-header-meta":"enabled","adv-header-id-meta":"","stick-header-meta":"","header-above-stick-meta":"","header-main-stick-meta":"","header-below-stick-meta":"","astra-migrate-meta-layouts":"set","ast-page-background-enabled":"default","ast-page-background-meta":{"desktop":{"background-color":"var(--ast-global-color-4)","background-image":"","background-repeat":"repeat","background-position":"center center","background-size":"auto","background-attachment":"scroll","background-type":"","background-media":"","overlay-type":"","overlay-color":"","overlay-opacity":"","overlay-gradient":""},"tablet":{"background-color":"","background-image":"","background-repeat":"repeat","background-position":"center center","background-size":"auto","background-attachment":"scroll","background-type":"","background-media":"","overlay-type":"","overlay-color":"","overlay-opacity":"","overlay-gradient":""},"mobile":{"background-color":"","background-image":"","background-repeat":"repeat","background-position":"center center","background-size":"auto","background-attachment":"scroll","background-type":"","background-media":"","overlay-type":"","overlay-color":"","overlay-opacity":"","overlay-gradient":""}},"ast-content-background-meta":{"desktop":{"background-color":"var(--ast-global-color-5)","background-image":"","background-repeat":"repeat","background-position":"center center","background-size":"auto","background-attachment":"scroll","background-type":"","background-media":"","overlay-type":"","overlay-color":"","overlay-opacity":"","overlay-gradient":""},"tablet":{"background-color":"var(--ast-global-color-5)","background-image":"","background-repeat":"repeat","background-position":"center center","background-size":"auto","background-attachment":"scroll","background-type":"","background-media":"","overlay-type":"","overlay-color":"","overlay-opacity":"","overlay-gradient":""},"mobile":{"background-color":"var(--ast-global-color-5)","background-image":"","background-repeat":"repeat","background-position":"center center","background-size":"auto","background-attachment":"scroll","background-type":"","background-media":"","overlay-type":"","overlay-color":"","overlay-opacity":"","overlay-gradient":""}},"footnotes":""},"class_list":["post-1319","page","type-page","status-publish","hentry"],"rttpg_featured_image_url":null,"rttpg_author":{"display_name":"tajanaexperience@gmail.com","author_link":"https:\/\/tajanaexperience.com\/en\/author\/tajanaexperiencegmail-com\/"},"rttpg_comment":0,"rttpg_category":null,"rttpg_excerpt":"Descubre Tajana y el turismo en Espa\u00f1a educaci\u00f3n, cultura y legado en movimiento Tajana ofrece experiencias culturales \u00fanicas centradas en la herencia sefard\u00ed y la vida jud\u00eda en Espa\u00f1a. A trav\u00e9s de walking tours y propuestas educativas personalizadas, buscamos crear recorridos que conecten historia, identidad y comunidad. Nuestro enfoque principal est\u00e1 en Madrid, donde desarrollamos&hellip;","_links":{"self":[{"href":"https:\/\/tajanaexperience.com\/en\/wp-json\/wp\/v2\/pages\/1319","targetHints":{"allow":["GET"]}}],"collection":[{"href":"https:\/\/tajanaexperience.com\/en\/wp-json\/wp\/v2\/pages"}],"about":[{"href":"https:\/\/tajanaexperience.com\/en\/wp-json\/wp\/v2\/types\/page"}],"author":[{"embeddable":true,"href":"https:\/\/tajanaexperience.com\/en\/wp-json\/wp\/v2\/users\/1"}],"replies":[{"embeddable":true,"href":"https:\/\/tajanaexperience.com\/en\/wp-json\/wp\/v2\/comments?post=1319"}],"version-history":[{"count":77,"href":"https:\/\/tajanaexperience.com\/en\/wp-json\/wp\/v2\/pages\/1319\/revisions"}],"predecessor-version":[{"id":2726,"href":"https:\/\/tajanaexperience.com\/en\/wp-json\/wp\/v2\/pages\/1319\/revisions\/2726"}],"wp:attachment":[{"href":"https:\/\/tajanaexperience.com\/en\/wp-json\/wp\/v2\/media?parent=1319"}],"curies":[{"name":"wp","href":"https:\/\/api.w.org\/{rel}","templated":true}]}}